{"id":369,"date":"2015-02-21T13:23:53","date_gmt":"2015-02-21T11:23:53","guid":{"rendered":"http:\/\/ecolorgy.es\/blog\/?page_id=369"},"modified":"2018-11-10T05:14:36","modified_gmt":"2018-11-10T03:14:36","slug":"romi-ato","status":"publish","type":"page","link":"http:\/\/ecolorgy.com\/blog\/romi-ato\/","title":{"rendered":"Romi &#038; Ato"},"content":{"rendered":"<p style=\"text-align: justify;\"><a href=\"http:\/\/romiato.com\/\" title=\"Slow Textiles &#038; Natural Colors Studio\" target=\"_blank\" target=\"_blank\"><strong>Romi &#038; Ato \u00abSlow Textiles &#038; Natural Colors Studio\u00bb<\/strong><\/a> es un proyecto independiente inspirado en los principios de la <i>Cultura Slow<\/i>, dedicado a explorar las posibilidades que nos ofrece la Naturaleza para crear textiles y colores naturales para un <i>Consumo Responsable &#038; Consciente<\/i>.<\/p>\n<p style=\"text-align: justify;\">Una aventura que a\u00fana <strong><a href=\"http:\/\/www.thedyershouse.com\" title=\"Escuela de Tintes Naturales &#038; Sustentables\" target=\"_blank\" target=\"_blank\">The Dyer&#8217;s House<\/a><\/strong> <strong>\u00abEscuela de Tintes Naturales &#038; Sustentables\u00bb<\/strong>, <strong><a href=\"http:\/\/www.mundolanar.bigcartel.com\" title=\"La tienda de Mundo Lanar\" target=\"_blank\" target=\"_blank\">Mundo Lanar<\/a><\/strong> <strong>\u00abDo It Yourself &#038; Do It Slow\u00bb<\/strong>, <strong><a href=\"http:\/\/www.tinctorea.com\" title=\"Slow Textile Concept\" target=\"_blank\" target=\"_blank\">Tinct\u00f3rea <\/a><\/strong><strong>\u00abSlow Textile Concept\u00bb<\/strong> y <strong><a href=\"http:\/\/ecolorgy.bigcartel.com\/\" title=\"La tienda de Ecolorgy\" target=\"_blank\" target=\"_blank\">Ecolorgy<\/a> <\/strong><strong>\u00abRethink Your Colors\u00bb<\/strong>, cuatro proyectos interrelacionados y guiados por una motivaci\u00f3n com\u00fan: aportar un granito de arena para construir un mundo m\u00e1s amable y m\u00e1s humano, sin para ello depender de lo que hagan o dejen de hacer los que caminan en sentido contrario.<\/p>\n<p style=\"text-align: justify;\">Te invitamos a descubrir nuestros <strong>blogs<\/strong>, a participar en nuestros <strong>cursos<\/strong>, a asistir a nuestras <strong>convocatorias abiertas<\/strong>, a acompa\u00f1arnos en el d\u00eda a d\u00eda a trav\u00e9s de las <strong>redes sociales<\/strong> y a conocer nuestras novedades a trav\u00e9s de la <strong>Newsletter<\/strong>.<\/p>\n<p style=\"text-align: justify;\">Saludos,<\/p>\n<p>Romi &#038; Ato<\/p>\n","protected":false},"excerpt":{"rendered":"<p>Romi &#038; Ato \u00abSlow Textiles &#038; Natural Colors Studio\u00bb es un proyecto independiente inspirado en los principios de la Cultura Slow, dedicado a explorar las posibilidades que nos ofrece la Naturaleza para crear textiles y colores naturales para un Consumo Responsable &#038; Consciente. Una aventura que a\u00fana The Dyer&#8217;s House \u00abEscuela de Tintes Naturales &#038; [&hellip;]<\/p>\n","protected":false},"author":1,"featured_media":0,"parent":0,"menu_order":0,"comment_status":"closed","ping_status":"closed","template":"","meta":{"footnotes":""},"class_list":["post-369","page","type-page","status-publish","hentry"],"yoast_head":"<!-- This site is optimized with the Yoast SEO plugin v22.0 - https:\/\/yoast.com\/wordpress\/plugins\/seo\/ -->\n<title>Romi &amp; Ato - Ecolorgy<\/title>\n<meta name=\"description\" content=\"Ecolorgy es la siguiente aventura en la que han embarcado Romi &amp; Ato de Mundo Lanar. Un proyecto dedicado a los Colores Naturales! Pasen y Vean!\" \/>\n<meta name=\"robots\" content=\"index, follow, max-snippet:-1, max-image-preview:large, max-video-preview:-1\" \/>\n<link rel=\"canonical\" href=\"http:\/\/ecolorgy.com\/blog\/romi-ato\/\" \/>\n<meta property=\"og:locale\" content=\"es_ES\" \/>\n<meta property=\"og:type\" content=\"article\" \/>\n<meta property=\"og:title\" content=\"Romi &amp; Ato - Ecolorgy\" \/>\n<meta property=\"og:description\" content=\"Ecolorgy es la siguiente aventura en la que han embarcado Romi &amp; Ato de Mundo Lanar. Un proyecto dedicado a los Colores Naturales! Pasen y Vean!\" \/>\n<meta property=\"og:url\" content=\"http:\/\/ecolorgy.com\/blog\/romi-ato\/\" \/>\n<meta property=\"og:site_name\" content=\"Ecolorgy\" \/>\n<meta property=\"article:modified_time\" content=\"2018-11-10T03:14:36+00:00\" \/>\n<meta name=\"twitter:label1\" content=\"Tiempo de lectura\" \/>\n\t<meta name=\"twitter:data1\" content=\"1 minuto\" \/>\n<script type=\"application\/ld+json\" class=\"yoast-schema-graph\">{\"@context\":\"https:\/\/schema.org\",\"@graph\":[{\"@type\":\"WebPage\",\"@id\":\"http:\/\/ecolorgy.com\/blog\/romi-ato\/\",\"url\":\"http:\/\/ecolorgy.com\/blog\/romi-ato\/\",\"name\":\"Romi & Ato - Ecolorgy\",\"isPartOf\":{\"@id\":\"http:\/\/ecolorgy.com\/blog\/#website\"},\"datePublished\":\"2015-02-21T11:23:53+00:00\",\"dateModified\":\"2018-11-10T03:14:36+00:00\",\"description\":\"Ecolorgy es la siguiente aventura en la que han embarcado Romi & Ato de Mundo Lanar. Un proyecto dedicado a los Colores Naturales! Pasen y Vean!\",\"breadcrumb\":{\"@id\":\"http:\/\/ecolorgy.com\/blog\/romi-ato\/#breadcrumb\"},\"inLanguage\":\"es\",\"potentialAction\":[{\"@type\":\"ReadAction\",\"target\":[\"http:\/\/ecolorgy.com\/blog\/romi-ato\/\"]}]},{\"@type\":\"BreadcrumbList\",\"@id\":\"http:\/\/ecolorgy.com\/blog\/romi-ato\/#breadcrumb\",\"itemListElement\":[{\"@type\":\"ListItem\",\"position\":1,\"name\":\"Portada\",\"item\":\"http:\/\/ecolorgy.com\/blog\/\"},{\"@type\":\"ListItem\",\"position\":2,\"name\":\"Romi &#038; Ato\"}]},{\"@type\":\"WebSite\",\"@id\":\"http:\/\/ecolorgy.com\/blog\/#website\",\"url\":\"http:\/\/ecolorgy.com\/blog\/\",\"name\":\"Ecolorgy\",\"description\":\"Rethink Your Colors\",\"potentialAction\":[{\"@type\":\"SearchAction\",\"target\":{\"@type\":\"EntryPoint\",\"urlTemplate\":\"http:\/\/ecolorgy.com\/blog\/?s={search_term_string}\"},\"query-input\":\"required name=search_term_string\"}],\"inLanguage\":\"es\"}]}<\/script>\n<!-- \/ Yoast SEO plugin. -->","yoast_head_json":{"title":"Romi & Ato - Ecolorgy","description":"Ecolorgy es la siguiente aventura en la que han embarcado Romi & Ato de Mundo Lanar. Un proyecto dedicado a los Colores Naturales! Pasen y Vean!","robots":{"index":"index","follow":"follow","max-snippet":"max-snippet:-1","max-image-preview":"max-image-preview:large","max-video-preview":"max-video-preview:-1"},"canonical":"http:\/\/ecolorgy.com\/blog\/romi-ato\/","og_locale":"es_ES","og_type":"article","og_title":"Romi & Ato - Ecolorgy","og_description":"Ecolorgy es la siguiente aventura en la que han embarcado Romi & Ato de Mundo Lanar. Un proyecto dedicado a los Colores Naturales! Pasen y Vean!","og_url":"http:\/\/ecolorgy.com\/blog\/romi-ato\/","og_site_name":"Ecolorgy","article_modified_time":"2018-11-10T03:14:36+00:00","twitter_misc":{"Tiempo de lectura":"1 minuto"},"schema":{"@context":"https:\/\/schema.org","@graph":[{"@type":"WebPage","@id":"http:\/\/ecolorgy.com\/blog\/romi-ato\/","url":"http:\/\/ecolorgy.com\/blog\/romi-ato\/","name":"Romi & Ato - Ecolorgy","isPartOf":{"@id":"http:\/\/ecolorgy.com\/blog\/#website"},"datePublished":"2015-02-21T11:23:53+00:00","dateModified":"2018-11-10T03:14:36+00:00","description":"Ecolorgy es la siguiente aventura en la que han embarcado Romi & Ato de Mundo Lanar. Un proyecto dedicado a los Colores Naturales! Pasen y Vean!","breadcrumb":{"@id":"http:\/\/ecolorgy.com\/blog\/romi-ato\/#breadcrumb"},"inLanguage":"es","potentialAction":[{"@type":"ReadAction","target":["http:\/\/ecolorgy.com\/blog\/romi-ato\/"]}]},{"@type":"BreadcrumbList","@id":"http:\/\/ecolorgy.com\/blog\/romi-ato\/#breadcrumb","itemListElement":[{"@type":"ListItem","position":1,"name":"Portada","item":"http:\/\/ecolorgy.com\/blog\/"},{"@type":"ListItem","position":2,"name":"Romi &#038; Ato"}]},{"@type":"WebSite","@id":"http:\/\/ecolorgy.com\/blog\/#website","url":"http:\/\/ecolorgy.com\/blog\/","name":"Ecolorgy","description":"Rethink Your Colors","potentialAction":[{"@type":"SearchAction","target":{"@type":"EntryPoint","urlTemplate":"http:\/\/ecolorgy.com\/blog\/?s={search_term_string}"},"query-input":"required name=search_term_string"}],"inLanguage":"es"}]}},"_links":{"self":[{"href":"http:\/\/ecolorgy.com\/blog\/wp-json\/wp\/v2\/pages\/369","targetHints":{"allow":["GET"]}}],"collection":[{"href":"http:\/\/ecolorgy.com\/blog\/wp-json\/wp\/v2\/pages"}],"about":[{"href":"http:\/\/ecolorgy.com\/blog\/wp-json\/wp\/v2\/types\/page"}],"author":[{"embeddable":true,"href":"http:\/\/ecolorgy.com\/blog\/wp-json\/wp\/v2\/users\/1"}],"replies":[{"embeddable":true,"href":"http:\/\/ecolorgy.com\/blog\/wp-json\/wp\/v2\/comments?post=369"}],"version-history":[{"count":21,"href":"http:\/\/ecolorgy.com\/blog\/wp-json\/wp\/v2\/pages\/369\/revisions"}],"predecessor-version":[{"id":802,"href":"http:\/\/ecolorgy.com\/blog\/wp-json\/wp\/v2\/pages\/369\/revisions\/802"}],"wp:attachment":[{"href":"http:\/\/ecolorgy.com\/blog\/wp-json\/wp\/v2\/media?parent=369"}],"curies":[{"name":"wp","href":"https:\/\/api.w.org\/{rel}","templated":true}]}}