{"id":377,"date":"2015-02-21T13:35:54","date_gmt":"2015-02-21T11:35:54","guid":{"rendered":"http:\/\/ecolorgy.es\/blog\/?page_id=377"},"modified":"2024-02-12T18:11:43","modified_gmt":"2024-02-12T16:11:43","slug":"contacto","status":"publish","type":"page","link":"http:\/\/ecolorgy.com\/blog\/contacto\/","title":{"rendered":"Contacto"},"content":{"rendered":"<div id=\"pl-377\"  class=\"panel-layout\" ><div id=\"pg-377-0\"  class=\"panel-grid panel-no-style\" ><div id=\"pgc-377-0-0\"  class=\"panel-grid-cell\" ><div id=\"panel-377-0-0-0\" class=\"so-panel widget widget_sow-headline panel-first-child panel-last-child\" data-index=\"0\" ><div\n\t\t\t\n\t\t\tclass=\"so-widget-sow-headline so-widget-sow-headline-default-545606a0b989-377\"\n\t\t\t\n\t\t><div class=\"sow-headline-container \">\n\t<h4 class='sow-headline'>Cont\u00e1ctanos<\/h4><h5 class='sow-sub-headline'>\u00a1Estaremos encantados de atenderte!<\/h5><\/div>\n<\/div><\/div><\/div><\/div><div id=\"pg-377-1\"  class=\"panel-grid panel-no-style\" ><div id=\"pgc-377-1-0\"  class=\"panel-grid-cell\" ><div id=\"panel-377-1-0-0\" class=\"so-panel widget widget_sow-headline panel-first-child panel-last-child\" data-index=\"1\" ><div\n\t\t\t\n\t\t\tclass=\"so-widget-sow-headline so-widget-sow-headline-default-a3b38ac5c689-377\"\n\t\t\t\n\t\t><div class=\"sow-headline-container \">\n\t<h2 class='sow-headline'>Ecolorgy<\/h2><p class='sow-sub-headline'>Valle de Soba <br \/> 39806 Cantabria <br \/> Espa\u00f1a<\/p><\/div>\n<\/div><\/div><\/div><div id=\"pgc-377-1-1\"  class=\"panel-grid-cell panel-grid-cell-empty\" ><\/div><div id=\"pgc-377-1-2\"  class=\"panel-grid-cell\" ><div id=\"panel-377-1-2-0\" class=\"so-panel widget widget_sow-image panel-first-child panel-last-child\" data-index=\"2\" ><div\n\t\t\t\n\t\t\tclass=\"so-widget-sow-image so-widget-sow-image-default-c67d20f9f743-377\"\n\t\t\t\n\t\t>\n\n<div class=\"sow-image-container\">\n\t\t<img decoding=\"async\" src=\"http:\/\/ecolorgy.com\/blog\/wp-content\/uploads\/2018\/10\/contacta-escuela-tintes-nat.jpg\" width=\"500\" height=\"500\" srcset=\"http:\/\/ecolorgy.com\/blog\/wp-content\/uploads\/2018\/10\/contacta-escuela-tintes-nat.jpg 500w, http:\/\/ecolorgy.com\/blog\/wp-content\/uploads\/2018\/10\/contacta-escuela-tintes-nat-300x300.jpg 300w, http:\/\/ecolorgy.com\/blog\/wp-content\/uploads\/2018\/10\/contacta-escuela-tintes-nat-150x150.jpg 150w\" sizes=\"auto, (max-width: 500px) 100vw, 500px\" alt=\"\" loading=\"lazy\" \t\tclass=\"so-widget-image\"\/>\n\t<\/div>\n\n<\/div><\/div><\/div><div id=\"pgc-377-1-3\"  class=\"panel-grid-cell panel-grid-cell-empty\" ><\/div><div id=\"pgc-377-1-4\"  class=\"panel-grid-cell\" ><div id=\"panel-377-1-4-0\" class=\"so-panel widget widget_sow-headline panel-first-child panel-last-child\" data-index=\"3\" ><div\n\t\t\t\n\t\t\tclass=\"so-widget-sow-headline so-widget-sow-headline-default-fb2b903d72cb-377\"\n\t\t\t\n\t\t><div class=\"sow-headline-container \">\n\t<h2 class='sow-headline'>Romi &amp; Ato<\/h2><p class='sow-sub-headline'>info@ecolorgy.com <\/p><\/div>\n<\/div><\/div><\/div><\/div><div id=\"pg-377-2\"  class=\"panel-grid panel-no-style\" ><div id=\"pgc-377-2-0\"  class=\"panel-grid-cell panel-grid-cell-empty\" ><\/div><\/div><div id=\"pg-377-3\"  class=\"panel-grid panel-no-style\" ><div id=\"pgc-377-3-0\"  class=\"panel-grid-cell panel-grid-cell-empty\" ><\/div><div id=\"pgc-377-3-1\"  class=\"panel-grid-cell panel-grid-cell-mobile-last\" ><div id=\"panel-377-3-1-0\" class=\"so-panel widget widget_sow-headline panel-first-child panel-last-child\" data-index=\"4\" ><div\n\t\t\t\n\t\t\tclass=\"so-widget-sow-headline so-widget-sow-headline-default-640d5082642f-377\"\n\t\t\t\n\t\t><div class=\"sow-headline-container \">\n\t<p class='sow-sub-headline'>Si quieres hacernos una consulta escr\u00edbenos a \"<b>info@ecolorgy.com<\/b>\" y te responderemos a la mayor brevedad. <\/p><\/div>\n<\/div><\/div><\/div><div id=\"pgc-377-3-2\"  class=\"panel-grid-cell panel-grid-cell-empty\" ><\/div><\/div><div id=\"pg-377-4\"  class=\"panel-grid panel-no-style\" ><div id=\"pgc-377-4-0\"  class=\"panel-grid-cell panel-grid-cell-empty\" ><\/div><\/div><div id=\"pg-377-5\"  class=\"panel-grid panel-no-style\" ><div id=\"pgc-377-5-0\"  class=\"panel-grid-cell panel-grid-cell-empty\" ><\/div><div id=\"pgc-377-5-1\"  class=\"panel-grid-cell panel-grid-cell-mobile-last\" ><div id=\"panel-377-5-1-0\" class=\"so-panel widget widget_sow-headline panel-first-child panel-last-child\" data-index=\"5\" ><div\n\t\t\t\n\t\t\tclass=\"so-widget-sow-headline so-widget-sow-headline-default-19b275c0ebf6-377\"\n\t\t\t\n\t\t><div class=\"sow-headline-container \">\n\t<p class='sow-sub-headline'><b>Responsable<\/b>: Te informamos que los datos personales que nos proporciones rellenando este formulario ser\u00e1n tratados por Romina V. Gabrielli Prieto como responsable de esta web. <br \/><br \/> <b>Finalidad<\/b>: Gestionar tu suscripci\u00f3n al Bolet\u00edn de Noticias {Newsletter} que recibir\u00e1s de forma peri\u00f3dica bajo criterios de <i>Comunicaci\u00f3n Responsable<\/i> con descuentos exclusivos para nuestros suscriptores, convocatorias de cursos y novedades de Romi &amp; Ato. <i>NOTA: no introducir los datos personales requeridos puede hacer que tu  solicitud no pueda ser atendida<\/i>.<br \/><br \/> <b>Legitimaci\u00f3n<\/b>: Al marcar la casilla de \u201cHe le\u00eddo y acepto la Pol\u00edtica de Privacidad\u201d das tu consentimiento para que tus datos sean tratados conforme a las finalidades de este formulario, las cuales quedan detalladas en la <a href=\"http:\/\/www.ecolorgy.com\/blog\/politica-de-privacidad\/\"><u>Pol\u00edtica de Privacidad<\/u><\/a>.<br \/><br \/> <b>Destinatarios<\/b>: Los datos que facilitas quedar\u00e1n ubicados en los servidores de Mailchimp (EEUU), que es mi proveedor de email marketing y cuya <i>pol\u00edtica de privacidad<\/i> puedes consultar <a href=\"https:\/\/mailchimp.com\/legal\/privacy\/\" target=\"_blank\"><u>aqu\u00ed<\/u><\/a>. Informarte que Mailchimp est\u00e1 acogido al <a href=\"https:\/\/www.privacyshield.gov\/participant?id=a2zt0000000GnH6AAK\" target=\"_blank\"><u>Acuerdo EU-US Privacy Shield <\/u><\/a> aprobado por el Comit\u00e9 Europeo de Protecci\u00f3n de Datos, por lo que tus datos no se ceder\u00e1n a terceros salvo que lo autorices expresamente o por requerimiento u obligaci\u00f3n legal. <br \/><br \/> <b>Derechos<\/b>: Podr\u00e1s ejercer tus derechos de acceso y rectificaci\u00f3n de tus Datos Personales escribiendo a \u201c<b>datospersonales@ecolorgy.com<\/b>\u201d, as\u00ed como tu derecho de eliminaci\u00f3n  escribiendo a <b>baja@romiato.com<\/b>\u201d (por favor manda tus mails con \u201cacuse de recibo\u201d para m\u00e1s garant\u00edas de recepci\u00f3n).<br \/><br \/> <b>Informaci\u00f3n adicional<\/b>: <a href=\"http:\/\/www.ecolorgy.com\/blog\/politica-de-privacidad\/\"><u>Pol\u00edtica de Privacidad<\/u><\/a>, <a href=\"http:\/\/www. ecolorgy.com\/blog\/aviso-legal \/\" target=\"_blank\"><u>Aviso Legal<\/u><\/a> y <a href=\"http:\/\/www. ecolorgy.com\/blog\/politica-de-cookies\/\" target=\"_blank\"><u>Pol\u00edtica de Cookies<\/u><\/a>.<br \/><br \/><\/p><\/div>\n<\/div><\/div><\/div><div id=\"pgc-377-5-2\"  class=\"panel-grid-cell panel-grid-cell-empty\" ><\/div><\/div><\/div>","protected":false},"excerpt":{"rendered":"<p>Cont\u00e1ctanos\u00a1Estaremos encantados de atenderte! EcolorgyValle de Soba 39806 Cantabria Espa\u00f1a Romi &amp; Atoinfo@ecolorgy.com Si quieres hacernos una consulta escr\u00edbenos a &#8220;info@ecolorgy.com&#8221; y te responderemos a la mayor brevedad. Responsable: Te informamos que los datos personales que nos proporciones rellenando este formulario ser\u00e1n tratados por Romina V. Gabrielli Prieto como responsable de esta web. Finalidad: Gestionar [&hellip;]<\/p>\n","protected":false},"author":1,"featured_media":0,"parent":0,"menu_order":0,"comment_status":"closed","ping_status":"closed","template":"page-templates\/full-width.php","meta":{"footnotes":""},"class_list":["post-377","page","type-page","status-publish","hentry"],"yoast_head":"<!-- This site is optimized with the Yoast SEO plugin v22.0 - https:\/\/yoast.com\/wordpress\/plugins\/seo\/ -->\n<title>Contacto - Ecolorgy<\/title>\n<meta name=\"description\" content=\"Contacto Ecolorgy Rethink Your Colors by Romi &amp; Ato Slow Textiles &amp; Natural Colors Studio. Madrid \u2013 Espa\u00f1a. info@ecolorgy.es \/ shop@ecolorgy.es\" \/>\n<meta name=\"robots\" content=\"index, follow, max-snippet:-1, max-image-preview:large, max-video-preview:-1\" \/>\n<link rel=\"canonical\" href=\"http:\/\/ecolorgy.com\/blog\/contacto\/\" \/>\n<meta property=\"og:locale\" content=\"es_ES\" \/>\n<meta property=\"og:type\" content=\"article\" \/>\n<meta property=\"og:title\" content=\"Contacto - Ecolorgy\" \/>\n<meta property=\"og:description\" content=\"Contacto Ecolorgy Rethink Your Colors by Romi &amp; Ato Slow Textiles &amp; Natural Colors Studio. Madrid \u2013 Espa\u00f1a. info@ecolorgy.es \/ shop@ecolorgy.es\" \/>\n<meta property=\"og:url\" content=\"http:\/\/ecolorgy.com\/blog\/contacto\/\" \/>\n<meta property=\"og:site_name\" content=\"Ecolorgy\" \/>\n<meta property=\"article:modified_time\" content=\"2024-02-12T16:11:43+00:00\" \/>\n<meta name=\"twitter:label1\" content=\"Tiempo de lectura\" \/>\n\t<meta name=\"twitter:data1\" content=\"2 minutos\" \/>\n<script type=\"application\/ld+json\" class=\"yoast-schema-graph\">{\"@context\":\"https:\/\/schema.org\",\"@graph\":[{\"@type\":\"WebPage\",\"@id\":\"http:\/\/ecolorgy.com\/blog\/contacto\/\",\"url\":\"http:\/\/ecolorgy.com\/blog\/contacto\/\",\"name\":\"Contacto - Ecolorgy\",\"isPartOf\":{\"@id\":\"http:\/\/ecolorgy.com\/blog\/#website\"},\"datePublished\":\"2015-02-21T11:35:54+00:00\",\"dateModified\":\"2024-02-12T16:11:43+00:00\",\"description\":\"Contacto Ecolorgy Rethink Your Colors by Romi & Ato Slow Textiles & Natural Colors Studio. Madrid \u2013 Espa\u00f1a. info@ecolorgy.es \/ shop@ecolorgy.es\",\"breadcrumb\":{\"@id\":\"http:\/\/ecolorgy.com\/blog\/contacto\/#breadcrumb\"},\"inLanguage\":\"es\",\"potentialAction\":[{\"@type\":\"ReadAction\",\"target\":[\"http:\/\/ecolorgy.com\/blog\/contacto\/\"]}]},{\"@type\":\"BreadcrumbList\",\"@id\":\"http:\/\/ecolorgy.com\/blog\/contacto\/#breadcrumb\",\"itemListElement\":[{\"@type\":\"ListItem\",\"position\":1,\"name\":\"Portada\",\"item\":\"http:\/\/ecolorgy.com\/blog\/\"},{\"@type\":\"ListItem\",\"position\":2,\"name\":\"Contacto\"}]},{\"@type\":\"WebSite\",\"@id\":\"http:\/\/ecolorgy.com\/blog\/#website\",\"url\":\"http:\/\/ecolorgy.com\/blog\/\",\"name\":\"Ecolorgy\",\"description\":\"Rethink Your Colors\",\"potentialAction\":[{\"@type\":\"SearchAction\",\"target\":{\"@type\":\"EntryPoint\",\"urlTemplate\":\"http:\/\/ecolorgy.com\/blog\/?s={search_term_string}\"},\"query-input\":\"required name=search_term_string\"}],\"inLanguage\":\"es\"}]}<\/script>\n<!-- \/ Yoast SEO plugin. -->","yoast_head_json":{"title":"Contacto - Ecolorgy","description":"Contacto Ecolorgy Rethink Your Colors by Romi & Ato Slow Textiles & Natural Colors Studio. Madrid \u2013 Espa\u00f1a. info@ecolorgy.es \/ shop@ecolorgy.es","robots":{"index":"index","follow":"follow","max-snippet":"max-snippet:-1","max-image-preview":"max-image-preview:large","max-video-preview":"max-video-preview:-1"},"canonical":"http:\/\/ecolorgy.com\/blog\/contacto\/","og_locale":"es_ES","og_type":"article","og_title":"Contacto - Ecolorgy","og_description":"Contacto Ecolorgy Rethink Your Colors by Romi & Ato Slow Textiles & Natural Colors Studio. Madrid \u2013 Espa\u00f1a. info@ecolorgy.es \/ shop@ecolorgy.es","og_url":"http:\/\/ecolorgy.com\/blog\/contacto\/","og_site_name":"Ecolorgy","article_modified_time":"2024-02-12T16:11:43+00:00","twitter_misc":{"Tiempo de lectura":"2 minutos"},"schema":{"@context":"https:\/\/schema.org","@graph":[{"@type":"WebPage","@id":"http:\/\/ecolorgy.com\/blog\/contacto\/","url":"http:\/\/ecolorgy.com\/blog\/contacto\/","name":"Contacto - Ecolorgy","isPartOf":{"@id":"http:\/\/ecolorgy.com\/blog\/#website"},"datePublished":"2015-02-21T11:35:54+00:00","dateModified":"2024-02-12T16:11:43+00:00","description":"Contacto Ecolorgy Rethink Your Colors by Romi & Ato Slow Textiles & Natural Colors Studio. Madrid \u2013 Espa\u00f1a. info@ecolorgy.es \/ shop@ecolorgy.es","breadcrumb":{"@id":"http:\/\/ecolorgy.com\/blog\/contacto\/#breadcrumb"},"inLanguage":"es","potentialAction":[{"@type":"ReadAction","target":["http:\/\/ecolorgy.com\/blog\/contacto\/"]}]},{"@type":"BreadcrumbList","@id":"http:\/\/ecolorgy.com\/blog\/contacto\/#breadcrumb","itemListElement":[{"@type":"ListItem","position":1,"name":"Portada","item":"http:\/\/ecolorgy.com\/blog\/"},{"@type":"ListItem","position":2,"name":"Contacto"}]},{"@type":"WebSite","@id":"http:\/\/ecolorgy.com\/blog\/#website","url":"http:\/\/ecolorgy.com\/blog\/","name":"Ecolorgy","description":"Rethink Your Colors","potentialAction":[{"@type":"SearchAction","target":{"@type":"EntryPoint","urlTemplate":"http:\/\/ecolorgy.com\/blog\/?s={search_term_string}"},"query-input":"required name=search_term_string"}],"inLanguage":"es"}]}},"_links":{"self":[{"href":"http:\/\/ecolorgy.com\/blog\/wp-json\/wp\/v2\/pages\/377","targetHints":{"allow":["GET"]}}],"collection":[{"href":"http:\/\/ecolorgy.com\/blog\/wp-json\/wp\/v2\/pages"}],"about":[{"href":"http:\/\/ecolorgy.com\/blog\/wp-json\/wp\/v2\/types\/page"}],"author":[{"embeddable":true,"href":"http:\/\/ecolorgy.com\/blog\/wp-json\/wp\/v2\/users\/1"}],"replies":[{"embeddable":true,"href":"http:\/\/ecolorgy.com\/blog\/wp-json\/wp\/v2\/comments?post=377"}],"version-history":[{"count":61,"href":"http:\/\/ecolorgy.com\/blog\/wp-json\/wp\/v2\/pages\/377\/revisions"}],"predecessor-version":[{"id":380,"href":"http:\/\/ecolorgy.com\/blog\/wp-json\/wp\/v2\/pages\/377\/revisions\/380"}],"wp:attachment":[{"href":"http:\/\/ecolorgy.com\/blog\/wp-json\/wp\/v2\/media?parent=377"}],"curies":[{"name":"wp","href":"https:\/\/api.w.org\/{rel}","templated":true}]}}