{"id":447,"date":"2015-02-21T17:29:01","date_gmt":"2015-02-21T15:29:01","guid":{"rendered":"http:\/\/ecolorgy.es\/blog\/?page_id=447"},"modified":"2018-11-10T05:13:34","modified_gmt":"2018-11-10T03:13:34","slug":"ecosofia","status":"publish","type":"page","link":"http:\/\/ecolorgy.com\/blog\/ecosofia\/","title":{"rendered":"Ecosof\u00eda"},"content":{"rendered":"<p style=\"text-align: justify;\"><strong>ECO<\/strong>. El pilar fundamental de Ecolorgy parte de la integraci\u00f3n arm\u00f3nica entre <i>Ecolog\u00eda &#038; Color<\/i> y, m\u00e1s concretamente, de la necesidad de generar alternativas a las pinturas artificiales de base petroqu\u00edmica que de forma tan silenciosa se han instaurado en todas y cada una de las esferas cotidianas de nuestras vidas cuyos impactos sobre el medioambiente y la salud son dif\u00edciles de cuantificar. De ah\u00ed que nuestro lema \u2013\u00ab<i>Rethink Your Colors<\/i>\u00bb\u2013 sea una invitaci\u00f3n a tomar parte activa en la forma que tenemos de interactuar con los colores que nos rodean y a valorar el potencial de la Naturaleza para suministrarnos \u2013mediante m\u00e9todos de gesti\u00f3n sustentable\u2013 materias primas renovables con las que satisfacer las necesidades de un <strong>Consumo Consciente<\/strong>.<\/p>\n<p>&nbsp;<br \/>\n<img loading=\"lazy\" decoding=\"async\" src=\"http:\/\/ecolorgy.es\/blog\/wp-content\/uploads\/2015\/02\/IMG_20141017_134020-500x500.jpg\" alt=\"Pasteles tiza naturales\" width=\"500\" height=\"500\" class=\"aligncenter size-medium wp-image-481\" srcset=\"http:\/\/ecolorgy.com\/blog\/wp-content\/uploads\/2015\/02\/IMG_20141017_134020-500x500.jpg 500w, http:\/\/ecolorgy.com\/blog\/wp-content\/uploads\/2015\/02\/IMG_20141017_134020-300x300.jpg 300w, http:\/\/ecolorgy.com\/blog\/wp-content\/uploads\/2015\/02\/IMG_20141017_134020-900x900.jpg 900w, http:\/\/ecolorgy.com\/blog\/wp-content\/uploads\/2015\/02\/IMG_20141017_134020-150x150.jpg 150w, http:\/\/ecolorgy.com\/blog\/wp-content\/uploads\/2015\/02\/IMG_20141017_134020.jpg 1536w\" sizes=\"auto, (max-width: 500px) 100vw, 500px\" \/><br \/>\n&nbsp;<\/p>\n<p style=\"text-align: justify;\"><strong>DIY<\/strong>.Desde Ecolorgy creemos en el potencial de las personas para producir (o co-producir) sus propios bienes de consumo al margen de los circuitos comerciales globalizados. Pero cuando hablamos de <i>Consumo Consciente e Implicativo<\/i> no nos referimos \u00fanicamente al mero hecho de hacer cosas con nuestras manos y disfrutar explorando nuestro potencial creativo \u2013lo cual en s\u00ed mismo es m\u00e1s que positivo\u2013 sino de ir un paso m\u00e1s all\u00e1: repensando la naturaleza de los materiales empleados; cuidando que hayan sido producidos de forma responsable; recurriendo a materias primas saludables (naturales e inocuas); y un sinf\u00edn de aspectos que son los que al final marcan la diferencia entre un producto convencional y otro guiado por criterios hol\u00edsticos. Es por ello que desde Ecolorgy apostamos por la idea de despertar nuestras habilidades y destrezas olvidadas pero teniendo siempre claro que el objetivo final no es otro que contribuir a <b>Un Mundo M\u00e1s Sustentable<\/b>.<\/p>\n<p>&nbsp;<br \/>\n<img loading=\"lazy\" decoding=\"async\" src=\"http:\/\/ecolorgy.es\/blog\/wp-content\/uploads\/2015\/02\/IMG_20141025_133659-500x500.jpg\" alt=\"Hazlo T\u00fa Mismo\" width=\"500\" height=\"500\" class=\"aligncenter size-medium wp-image-478\" srcset=\"http:\/\/ecolorgy.com\/blog\/wp-content\/uploads\/2015\/02\/IMG_20141025_133659-500x500.jpg 500w, http:\/\/ecolorgy.com\/blog\/wp-content\/uploads\/2015\/02\/IMG_20141025_133659-300x300.jpg 300w, http:\/\/ecolorgy.com\/blog\/wp-content\/uploads\/2015\/02\/IMG_20141025_133659-900x900.jpg 900w, http:\/\/ecolorgy.com\/blog\/wp-content\/uploads\/2015\/02\/IMG_20141025_133659-150x150.jpg 150w, http:\/\/ecolorgy.com\/blog\/wp-content\/uploads\/2015\/02\/IMG_20141025_133659.jpg 1536w\" sizes=\"auto, (max-width: 500px) 100vw, 500px\" \/><br \/>\n&nbsp;<\/p>\n<p style=\"text-align: justify;\"><strong>LOCAL<\/strong>. El tercer elemento que nos inspira (como todas las iniciativas que hemos impulsado desde <a href=\"http:\/\/www.romiato.com\" title=\"Romi &#038; Ato \u00abSlow Textiles &#038; Natural Colors Studio\u00bb\" target=\"_blank\" target=\"_blank\">Romi &#038; Ato \u00abSlow Textiles &#038; Natural Colors Studio\u00bb<\/a>) parte de una profunda identificaci\u00f3n con &#8220;lo local&#8221;. Hablamos del rescate de tradiciones y saberes ancestrales partiendo de su necesaria actualizaci\u00f3n desde la sensibilidad, exigencia y \u00e9tica contempor\u00e1neas; de la defensa de los productores, artesanos y artistas locales que dotan de contenido y personalidad a los territorios; y de la articulaci\u00f3n con iniciativas con arraigo local para construir entre todos una <i>Econom\u00eda del Bien Com\u00fan<\/i>. Al final se trata de creer en un futuro positivo y de coger lo mejor del pasado para generar unas relaciones humanas (y comerciales) saludables partiendo de una <b>Gesti\u00f3n Sustentable de los Recursos del Territorio<\/b>. Todo un conjunto de valores que cobran especial sentido en un contexto global dominado por el af\u00e1n de lucro, la competitividad, las relaciones de poder y el consumismo.<\/p>\n<p>&nbsp;<br \/>\n<img loading=\"lazy\" decoding=\"async\" src=\"http:\/\/ecolorgy.es\/blog\/wp-content\/uploads\/2015\/02\/IMG_20140311_150112-500x500.jpg\" alt=\"Agallas de roble papra elaboraci\u00f3n de tintas naturales\" width=\"500\" height=\"500\" class=\"aligncenter size-medium wp-image-490\" srcset=\"http:\/\/ecolorgy.com\/blog\/wp-content\/uploads\/2015\/02\/IMG_20140311_150112-500x500.jpg 500w, http:\/\/ecolorgy.com\/blog\/wp-content\/uploads\/2015\/02\/IMG_20140311_150112-300x300.jpg 300w, http:\/\/ecolorgy.com\/blog\/wp-content\/uploads\/2015\/02\/IMG_20140311_150112-900x900.jpg 900w, http:\/\/ecolorgy.com\/blog\/wp-content\/uploads\/2015\/02\/IMG_20140311_150112-150x150.jpg 150w, http:\/\/ecolorgy.com\/blog\/wp-content\/uploads\/2015\/02\/IMG_20140311_150112.jpg 1536w\" sizes=\"auto, (max-width: 500px) 100vw, 500px\" \/><br \/>\n&nbsp;<\/p>\n","protected":false},"excerpt":{"rendered":"<p>ECO. El pilar fundamental de Ecolorgy parte de la integraci\u00f3n arm\u00f3nica entre Ecolog\u00eda &#038; Color y, m\u00e1s concretamente, de la necesidad de generar alternativas a las pinturas artificiales de base petroqu\u00edmica que de forma tan silenciosa se han instaurado en todas y cada una de las esferas cotidianas de nuestras vidas cuyos impactos sobre el [&hellip;]<\/p>\n","protected":false},"author":1,"featured_media":0,"parent":0,"menu_order":0,"comment_status":"closed","ping_status":"closed","template":"","meta":{"footnotes":""},"class_list":["post-447","page","type-page","status-publish","hentry"],"yoast_head":"<!-- This site is optimized with the Yoast SEO plugin v22.0 - https:\/\/yoast.com\/wordpress\/plugins\/seo\/ -->\n<title>Ecosof\u00eda - Ecolorgy<\/title>\n<meta name=\"description\" content=\"Descubre nuestra Ecosof\u00eda y ad\u00e9ntrate en el mundillo de los Colores Naturales, Renovables, Abundantes, Perdurables, Saludables y Responsables!\" \/>\n<meta name=\"robots\" content=\"index, follow, max-snippet:-1, max-image-preview:large, max-video-preview:-1\" \/>\n<link rel=\"canonical\" href=\"http:\/\/ecolorgy.com\/blog\/ecosofia\/\" \/>\n<meta property=\"og:locale\" content=\"es_ES\" \/>\n<meta property=\"og:type\" content=\"article\" \/>\n<meta property=\"og:title\" content=\"Ecosof\u00eda - Ecolorgy\" \/>\n<meta property=\"og:description\" content=\"Descubre nuestra Ecosof\u00eda y ad\u00e9ntrate en el mundillo de los Colores Naturales, Renovables, Abundantes, Perdurables, Saludables y Responsables!\" \/>\n<meta property=\"og:url\" content=\"http:\/\/ecolorgy.com\/blog\/ecosofia\/\" \/>\n<meta property=\"og:site_name\" content=\"Ecolorgy\" \/>\n<meta property=\"article:modified_time\" content=\"2018-11-10T03:13:34+00:00\" \/>\n<meta property=\"og:image\" content=\"http:\/\/ecolorgy.es\/blog\/wp-content\/uploads\/2015\/02\/IMG_20141017_134020-500x500.jpg\" \/>\n<meta name=\"twitter:label1\" content=\"Tiempo de lectura\" \/>\n\t<meta name=\"twitter:data1\" content=\"2 minutos\" \/>\n<script type=\"application\/ld+json\" class=\"yoast-schema-graph\">{\"@context\":\"https:\/\/schema.org\",\"@graph\":[{\"@type\":\"WebPage\",\"@id\":\"http:\/\/ecolorgy.com\/blog\/ecosofia\/\",\"url\":\"http:\/\/ecolorgy.com\/blog\/ecosofia\/\",\"name\":\"Ecosof\u00eda - Ecolorgy\",\"isPartOf\":{\"@id\":\"http:\/\/ecolorgy.com\/blog\/#website\"},\"datePublished\":\"2015-02-21T15:29:01+00:00\",\"dateModified\":\"2018-11-10T03:13:34+00:00\",\"description\":\"Descubre nuestra Ecosof\u00eda y ad\u00e9ntrate en el mundillo de los Colores Naturales, Renovables, Abundantes, Perdurables, Saludables y Responsables!\",\"breadcrumb\":{\"@id\":\"http:\/\/ecolorgy.com\/blog\/ecosofia\/#breadcrumb\"},\"inLanguage\":\"es\",\"potentialAction\":[{\"@type\":\"ReadAction\",\"target\":[\"http:\/\/ecolorgy.com\/blog\/ecosofia\/\"]}]},{\"@type\":\"BreadcrumbList\",\"@id\":\"http:\/\/ecolorgy.com\/blog\/ecosofia\/#breadcrumb\",\"itemListElement\":[{\"@type\":\"ListItem\",\"position\":1,\"name\":\"Portada\",\"item\":\"http:\/\/ecolorgy.com\/blog\/\"},{\"@type\":\"ListItem\",\"position\":2,\"name\":\"Ecosof\u00eda\"}]},{\"@type\":\"WebSite\",\"@id\":\"http:\/\/ecolorgy.com\/blog\/#website\",\"url\":\"http:\/\/ecolorgy.com\/blog\/\",\"name\":\"Ecolorgy\",\"description\":\"Rethink Your Colors\",\"potentialAction\":[{\"@type\":\"SearchAction\",\"target\":{\"@type\":\"EntryPoint\",\"urlTemplate\":\"http:\/\/ecolorgy.com\/blog\/?s={search_term_string}\"},\"query-input\":\"required name=search_term_string\"}],\"inLanguage\":\"es\"}]}<\/script>\n<!-- \/ Yoast SEO plugin. -->","yoast_head_json":{"title":"Ecosof\u00eda - Ecolorgy","description":"Descubre nuestra Ecosof\u00eda y ad\u00e9ntrate en el mundillo de los Colores Naturales, Renovables, Abundantes, Perdurables, Saludables y Responsables!","robots":{"index":"index","follow":"follow","max-snippet":"max-snippet:-1","max-image-preview":"max-image-preview:large","max-video-preview":"max-video-preview:-1"},"canonical":"http:\/\/ecolorgy.com\/blog\/ecosofia\/","og_locale":"es_ES","og_type":"article","og_title":"Ecosof\u00eda - Ecolorgy","og_description":"Descubre nuestra Ecosof\u00eda y ad\u00e9ntrate en el mundillo de los Colores Naturales, Renovables, Abundantes, Perdurables, Saludables y Responsables!","og_url":"http:\/\/ecolorgy.com\/blog\/ecosofia\/","og_site_name":"Ecolorgy","article_modified_time":"2018-11-10T03:13:34+00:00","og_image":[{"url":"http:\/\/ecolorgy.es\/blog\/wp-content\/uploads\/2015\/02\/IMG_20141017_134020-500x500.jpg"}],"twitter_misc":{"Tiempo de lectura":"2 minutos"},"schema":{"@context":"https:\/\/schema.org","@graph":[{"@type":"WebPage","@id":"http:\/\/ecolorgy.com\/blog\/ecosofia\/","url":"http:\/\/ecolorgy.com\/blog\/ecosofia\/","name":"Ecosof\u00eda - Ecolorgy","isPartOf":{"@id":"http:\/\/ecolorgy.com\/blog\/#website"},"datePublished":"2015-02-21T15:29:01+00:00","dateModified":"2018-11-10T03:13:34+00:00","description":"Descubre nuestra Ecosof\u00eda y ad\u00e9ntrate en el mundillo de los Colores Naturales, Renovables, Abundantes, Perdurables, Saludables y Responsables!","breadcrumb":{"@id":"http:\/\/ecolorgy.com\/blog\/ecosofia\/#breadcrumb"},"inLanguage":"es","potentialAction":[{"@type":"ReadAction","target":["http:\/\/ecolorgy.com\/blog\/ecosofia\/"]}]},{"@type":"BreadcrumbList","@id":"http:\/\/ecolorgy.com\/blog\/ecosofia\/#breadcrumb","itemListElement":[{"@type":"ListItem","position":1,"name":"Portada","item":"http:\/\/ecolorgy.com\/blog\/"},{"@type":"ListItem","position":2,"name":"Ecosof\u00eda"}]},{"@type":"WebSite","@id":"http:\/\/ecolorgy.com\/blog\/#website","url":"http:\/\/ecolorgy.com\/blog\/","name":"Ecolorgy","description":"Rethink Your Colors","potentialAction":[{"@type":"SearchAction","target":{"@type":"EntryPoint","urlTemplate":"http:\/\/ecolorgy.com\/blog\/?s={search_term_string}"},"query-input":"required name=search_term_string"}],"inLanguage":"es"}]}},"_links":{"self":[{"href":"http:\/\/ecolorgy.com\/blog\/wp-json\/wp\/v2\/pages\/447","targetHints":{"allow":["GET"]}}],"collection":[{"href":"http:\/\/ecolorgy.com\/blog\/wp-json\/wp\/v2\/pages"}],"about":[{"href":"http:\/\/ecolorgy.com\/blog\/wp-json\/wp\/v2\/types\/page"}],"author":[{"embeddable":true,"href":"http:\/\/ecolorgy.com\/blog\/wp-json\/wp\/v2\/users\/1"}],"replies":[{"embeddable":true,"href":"http:\/\/ecolorgy.com\/blog\/wp-json\/wp\/v2\/comments?post=447"}],"version-history":[{"count":62,"href":"http:\/\/ecolorgy.com\/blog\/wp-json\/wp\/v2\/pages\/447\/revisions"}],"predecessor-version":[{"id":799,"href":"http:\/\/ecolorgy.com\/blog\/wp-json\/wp\/v2\/pages\/447\/revisions\/799"}],"wp:attachment":[{"href":"http:\/\/ecolorgy.com\/blog\/wp-json\/wp\/v2\/media?parent=447"}],"curies":[{"name":"wp","href":"https:\/\/api.w.org\/{rel}","templated":true}]}}