{"id":847,"date":"2018-11-09T19:12:04","date_gmt":"2018-11-09T17:12:04","guid":{"rendered":"http:\/\/ecolorgy.com\/blog\/?page_id=847"},"modified":"2018-11-10T05:13:47","modified_gmt":"2018-11-10T03:13:47","slug":"newsletter","status":"publish","type":"page","link":"http:\/\/ecolorgy.com\/blog\/newsletter\/","title":{"rendered":"Newsletter"},"content":{"rendered":"<div id=\"pl-847\"  class=\"panel-layout\" ><div id=\"pg-847-0\"  class=\"panel-grid panel-no-style\" ><div id=\"pgc-847-0-0\"  class=\"panel-grid-cell\" ><div id=\"panel-847-0-0-0\" class=\"so-panel widget widget_sow-image panel-first-child panel-last-child\" data-index=\"0\" ><div\n\t\t\t\n\t\t\tclass=\"so-widget-sow-image so-widget-sow-image-default-c67d20f9f743-847\"\n\t\t\t\n\t\t>\n\n<div class=\"sow-image-container\">\n\t\t<img decoding=\"async\" src=\"http:\/\/ecolorgy.com\/blog\/wp-content\/uploads\/2018\/11\/Cabecera-Newsletter.jpg\" width=\"562\" height=\"191\" srcset=\"http:\/\/ecolorgy.com\/blog\/wp-content\/uploads\/2018\/11\/Cabecera-Newsletter.jpg 562w, http:\/\/ecolorgy.com\/blog\/wp-content\/uploads\/2018\/11\/Cabecera-Newsletter-500x170.jpg 500w, http:\/\/ecolorgy.com\/blog\/wp-content\/uploads\/2018\/11\/Cabecera-Newsletter-150x51.jpg 150w\" sizes=\"auto, (max-width: 562px) 100vw, 562px\" title=\"Cabecera Newsletter\" alt=\"\" loading=\"lazy\" \t\tclass=\"so-widget-image\"\/>\n\t<\/div>\n\n<\/div><\/div><\/div><\/div><div id=\"pg-847-1\"  class=\"panel-grid panel-no-style\" ><div id=\"pgc-847-1-0\"  class=\"panel-grid-cell panel-grid-cell-empty\" ><\/div><div id=\"pgc-847-1-1\"  class=\"panel-grid-cell panel-grid-cell-mobile-last\" ><div id=\"panel-847-1-1-0\" class=\"widget_text so-panel widget widget_custom_html panel-first-child panel-last-child\" data-index=\"1\" ><div class=\"textwidget custom-html-widget\"><!-- Begin Mailchimp Signup Form -->\n<link href=\"\/\/cdn-images.mailchimp.com\/embedcode\/classic-10_7.css\" rel=\"stylesheet\" type=\"text\/css\">\n<style type=\"text\/css\">\n\t#mc_embed_signup{background:#fff; clear:left; font:14px Helvetica,Arial,sans-serif; }\n\t\/* Add your own Mailchimp form style overrides in your site stylesheet or in this style block.\n\t   We recommend moving this block and the preceding CSS link to the HEAD of your HTML file. *\/\n<\/style>\n<style type=\"text\/css\">\n\t#mc-embedded-subscribe-form input[type=checkbox]{display: inline; width: auto;margin-right: 10px;}\n\t#mergeRow-gdpr {margin-top: 20px;}\n\t#mergeRow-gdpr fieldset label {font-weight: normal;}\n\t#mc-embedded-subscribe-form .mc_fieldset{border:none;min-height: 0px;padding-bottom:0px;}\n<\/style>\n<div id=\"mc_embed_signup\">\n<form action=\"https:\/\/thedyershouse.us19.list-manage.com\/subscribe\/post?u=e85000fa8e0b902f8c52da52d&amp;id=22d1425994\" method=\"post\" id=\"mc-embedded-subscribe-form\" name=\"mc-embedded-subscribe-form\" class=\"validate\" target=\"_blank\" novalidate>\n    <div id=\"mc_embed_signup_scroll\">\n\t<h2><\/h2>\n<div class=\"indicates-required\"><span class=\"asterisk\">*<\/span> indicates required<\/div>\n<div class=\"mc-field-group\">\n\t<label for=\"mce-EMAIL\">Correo electr\u00f3nico (requerido)  <span class=\"asterisk\">*<\/span>\n<\/label>\n\t<input type=\"email\" value=\"\" name=\"EMAIL\" class=\"required email\" id=\"mce-EMAIL\">\n<\/div>\n<div class=\"mc-field-group\">\n\t<label for=\"mce-FNAME\">Nombre y Apellidos (requerido)  <span class=\"asterisk\">*<\/span>\n<\/label>\n\t<input type=\"text\" value=\"\" name=\"FNAME\" class=\"required\" id=\"mce-FNAME\">\n<\/div>\n<div class=\"mc-field-group\">\n\t<label for=\"mce-MMERGE6\">Web o Blog (opcional) <\/label>\n\t<input type=\"url\" value=\"\" name=\"MMERGE6\" class=\" url\" id=\"mce-MMERGE6\">\n<\/div>\n<div class=\"mc-field-group\">\n\t<label for=\"mce-MMERGE5\">\u00bfDesde qu\u00e9 pa\u00eds te suscribes? (requerido)  <span class=\"asterisk\">*<\/span>\n<\/label>\n\t<select name=\"MMERGE5\" class=\"required\" id=\"mce-MMERGE5\">\n\t<option value=\"\"><\/option>\n\t<option value=\"Espa\u00f1a\">Espa\u00f1a<\/option>\n<option value=\"Resto de Europa\">Resto de Europa<\/option>\n<option value=\"Am\u00e9rica del Norte\">Am\u00e9rica del Norte<\/option>\n<option value=\"Am\u00e9rica Central\">Am\u00e9rica Central<\/option>\n<option value=\"Am\u00e9rica del Sur\">Am\u00e9rica del Sur<\/option>\n\n\t<\/select>\n<\/div>\n<div id=\"mergeRow-gdpr\" class=\"mergeRow gdpr-mergeRow content__gdprBlock mc-field-group\">\n    <div class=\"content__gdpr\">\n        <fieldset class=\"mc_fieldset gdprRequired mc-field-group\" name=\"interestgroup_field\">\n\t\t<label class=\"checkbox subfield\" for=\"gdpr_18091\"><input type=\"checkbox\" id=\"gdpr_18091\" name=\"gdpr[18091]\" value=\"Y\" class=\"av-checkbox gdpr\"><span>He le\u00eddo y acepto la <a href=\".\/politica-de-privacidad\" target=\"_blank\"><u>Pol\u00edtica de Privacidad<\/u><\/a>.<\/span> <\/label>\n        <\/fieldset>\n\t\t\t\n\t\t\t<br\/>\n        <p>Puedes darte de baja en cualquier momento haciendo clic en el enlace que aparece en el pie de p\u00e1gina de nuestros correos electr\u00f3nicos. Consulta nuestra <a href=\"http:\/\/ecolorgy.com\/blog\/politica-de-privacidad\/\" target=\"_blank\">Pol\u00edtica de Privacidad<\/a>.<\/p>\n    <\/div>\n    <div class=\"content__gdprLegal\">\n\n    <\/div>\n<\/div>\n\t<div id=\"mce-responses\" class=\"clear\">\n\t\t<div class=\"response\" id=\"mce-error-response\" style=\"display:none\"><\/div>\n\t\t<div class=\"response\" id=\"mce-success-response\" style=\"display:none\"><\/div>\n\t<\/div>    <!-- real people should not fill this in and expect good things - do not remove this or risk form bot signups-->\n    <div style=\"position: absolute; left: -5000px;\" aria-hidden=\"true\"><input type=\"text\" name=\"b_e85000fa8e0b902f8c52da52d_22d1425994\" tabindex=\"-1\" value=\"\"><\/div>\n    <div class=\"clear\"><input type=\"submit\" value=\"Subscribe\" name=\"subscribe\" id=\"mc-embedded-subscribe\" class=\"button\"><\/div>\n    <\/div>\n<\/form>\n<\/div>\n<script type='text\/javascript' src='\/\/s3.amazonaws.com\/downloads.mailchimp.com\/js\/mc-validate.js'><\/script><script type='text\/javascript'>(function($) {window.fnames = new Array(); window.ftypes = new Array();fnames[0]='EMAIL';ftypes[0]='email';fnames[1]='FNAME';ftypes[1]='text';fnames[6]='MMERGE6';ftypes[6]='url';fnames[5]='MMERGE5';ftypes[5]='dropdown';fnames[3]='ADDRESS';ftypes[3]='address';fnames[4]='PHONE';ftypes[4]='phone'; \/*\n * Translated default messages for the $ validation plugin.\n * Locale: ES\n *\/\n$.extend($.validator.messages, {\n  required: \"Este campo es obligatorio.\",\n  remote: \"Por favor, rellena este campo.\",\n  email: \"Por favor, escribe una direcci\u00f3n de correo v\u00e1lida\",\n  url: \"Por favor, escribe una URL v\u00e1lida.\",\n  date: \"Por favor, escribe una fecha v\u00e1lida.\",\n  dateISO: \"Por favor, escribe una fecha (ISO) v\u00e1lida.\",\n  number: \"Por favor, escribe un n\u00famero entero v\u00e1lido.\",\n  digits: \"Por favor, escribe s\u00f3lo d\u00edgitos.\",\n  creditcard: \"Por favor, escribe un n\u00famero de tarjeta v\u00e1lido.\",\n  equalTo: \"Por favor, escribe el mismo valor de nuevo.\",\n  accept: \"Por favor, escribe un valor con una extensi\u00f3n aceptada.\",\n  maxlength: $.validator.format(\"Por favor, no escribas m\u00e1s de {0} caracteres.\"),\n  minlength: $.validator.format(\"Por favor, no escribas menos de {0} caracteres.\"),\n  rangelength: $.validator.format(\"Por favor, escribe un valor entre {0} y {1} caracteres.\"),\n  range: $.validator.format(\"Por favor, escribe un valor entre {0} y {1}.\"),\n  max: $.validator.format(\"Por favor, escribe un valor menor o igual a {0}.\"),\n  min: $.validator.format(\"Por favor, escribe un valor mayor o igual a {0}.\")\n});}(jQuery));var $mcj = jQuery.noConflict(true);<\/script>\n<!--End mc_embed_signup--><\/div><\/div><\/div><div id=\"pgc-847-1-2\"  class=\"panel-grid-cell panel-grid-cell-empty\" ><\/div><\/div><div id=\"pg-847-2\"  class=\"panel-grid panel-no-style\" ><div id=\"pgc-847-2-0\"  class=\"panel-grid-cell panel-grid-cell-empty\" ><\/div><div id=\"pgc-847-2-1\"  class=\"panel-grid-cell panel-grid-cell-mobile-last\" ><div id=\"panel-847-2-1-0\" class=\"so-panel widget widget_sow-headline panel-first-child panel-last-child\" data-index=\"2\" ><div\n\t\t\t\n\t\t\tclass=\"so-widget-sow-headline so-widget-sow-headline-default-feeae53745f1-847\"\n\t\t\t\n\t\t><div class=\"sow-headline-container \">\n\t<p class='sow-headline'><b>Responsable<\/b>: Te informamos que los datos personales que nos proporciones rellenando este formulario ser\u00e1n tratados por Romina V. Gabrielli Prieto como responsable de esta web. <br \/><br \/> <b>Finalidad<\/b>: Gestionar tu suscripci\u00f3n al Bolet\u00edn de Noticias {Newsletter} que recibir\u00e1s de forma peri\u00f3dica bajo criterios de <i>Comunicaci\u00f3n Responsable<\/i> con descuentos exclusivos para nuestros suscriptores, convocatorias de cursos y novedades de Romi &amp; Ato. <i>NOTA: no introducir los datos personales requeridos puede hacer que tu  solicitud no pueda ser atendida<\/i>.<br \/><br \/> <b>Legitimaci\u00f3n<\/b>: Al marcar la casilla de \u201cHe le\u00eddo y acepto la Pol\u00edtica de Privacidad\u201d das tu consentimiento para que tus datos sean tratados conforme a las finalidades de este formulario, las cuales quedan detalladas en la <a href=\"http:\/\/www.ecolorgy.com\/blog\/politica-de-privacidad\/\"><u>Pol\u00edtica de Privacidad<\/u><\/a>.<br \/><br \/> <b>Destinatarios<\/b>: Los datos que facilitas quedar\u00e1n ubicados en los servidores de Mailchimp (EEUU), que es mi proveedor de email marketing y cuya <i>pol\u00edtica de privacidad<\/i> puedes consultar <a href=\"https:\/\/mailchimp.com\/legal\/privacy\/\" target=\"_blank\"><u>aqu\u00ed<\/u><\/a>. Informarte que Mailchimp est\u00e1 acogido al <a href=\"https:\/\/www.privacyshield.gov\/participant?id=a2zt0000000GnH6AAK\" target=\"_blank\"><u>Acuerdo EU-US Privacy Shield <\/u><\/a> aprobado por el Comit\u00e9 Europeo de Protecci\u00f3n de Datos, por lo que tus datos no se ceder\u00e1n a terceros salvo que lo autorices expresamente o por requerimiento u obligaci\u00f3n legal. <br \/><br \/> <b>Derechos<\/b>: Podr\u00e1s ejercer tus derechos de acceso y rectificaci\u00f3n de tus Datos Personales escribiendo a \u201c<b>datospersonales@ecolorgy.com<\/b>\u201d, as\u00ed como tu derecho de eliminaci\u00f3n  escribiendo a <b>baja@romiato.com<\/b>\u201d (por favor manda tus mails con \u201cacuse de recibo\u201d para m\u00e1s garant\u00edas de recepci\u00f3n).<br \/><br \/> <b>Informaci\u00f3n adicional<\/b>: <a href=\"http:\/\/www.ecolorgy.com\/blog\/politica-de-privacidad\/\"><u>Pol\u00edtica de Privacidad<\/u><\/a>, <a href=\"http:\/\/www. ecolorgy.com\/blog\/aviso-legal \/\" target=\"_blank\"><u>Aviso Legal<\/u><\/a> y <a href=\"http:\/\/www. ecolorgy.com\/blog\/politica-de-cookies\/\" target=\"_blank\"><u>Pol\u00edtica de Cookies<\/u><\/a>.<br \/><br \/><\/p>\t\t\t\t\t<div class=\"decoration\">\n\t\t\t\t\t\t<div class=\"decoration-inside\"><\/div>\n\t\t\t\t\t<\/div>\n\t\t\t\t\t<\/div>\n<\/div><\/div><\/div><div id=\"pgc-847-2-2\"  class=\"panel-grid-cell panel-grid-cell-empty\" ><\/div><\/div><\/div>","protected":false},"excerpt":{"rendered":"<p>* indicates required Correo electr\u00f3nico (requerido) * Nombre y Apellidos (requerido) * Web o Blog (opcional) \u00bfDesde qu\u00e9 pa\u00eds te suscribes? (requerido) * Espa\u00f1a Resto de Europa Am\u00e9rica del Norte Am\u00e9rica Central Am\u00e9rica del Sur He le\u00eddo y acepto la Pol\u00edtica de Privacidad. Puedes darte de baja en cualquier momento haciendo clic en el enlace [&hellip;]<\/p>\n","protected":false},"author":1,"featured_media":0,"parent":0,"menu_order":0,"comment_status":"closed","ping_status":"closed","template":"page-templates\/full-width.php","meta":{"footnotes":""},"class_list":["post-847","page","type-page","status-publish","hentry"],"yoast_head":"<!-- This site is optimized with the Yoast SEO plugin v22.0 - https:\/\/yoast.com\/wordpress\/plugins\/seo\/ -->\n<title>Newsletter - Ecolorgy<\/title>\n<meta name=\"robots\" content=\"index, follow, max-snippet:-1, max-image-preview:large, max-video-preview:-1\" \/>\n<link rel=\"canonical\" href=\"http:\/\/ecolorgy.com\/blog\/newsletter\/\" \/>\n<meta property=\"og:locale\" content=\"es_ES\" \/>\n<meta property=\"og:type\" content=\"article\" \/>\n<meta property=\"og:title\" content=\"Newsletter - Ecolorgy\" \/>\n<meta property=\"og:description\" content=\"* indicates required Correo electr\u00f3nico (requerido) * Nombre y Apellidos (requerido) * Web o Blog (opcional) \u00bfDesde qu\u00e9 pa\u00eds te suscribes? (requerido) * Espa\u00f1a Resto de Europa Am\u00e9rica del Norte Am\u00e9rica Central Am\u00e9rica del Sur He le\u00eddo y acepto la Pol\u00edtica de Privacidad. Puedes darte de baja en cualquier momento haciendo clic en el enlace [&hellip;]\" \/>\n<meta property=\"og:url\" content=\"http:\/\/ecolorgy.com\/blog\/newsletter\/\" \/>\n<meta property=\"og:site_name\" content=\"Ecolorgy\" \/>\n<meta property=\"article:modified_time\" content=\"2018-11-10T03:13:47+00:00\" \/>\n<script type=\"application\/ld+json\" class=\"yoast-schema-graph\">{\"@context\":\"https:\/\/schema.org\",\"@graph\":[{\"@type\":\"WebPage\",\"@id\":\"http:\/\/ecolorgy.com\/blog\/newsletter\/\",\"url\":\"http:\/\/ecolorgy.com\/blog\/newsletter\/\",\"name\":\"Newsletter - Ecolorgy\",\"isPartOf\":{\"@id\":\"http:\/\/ecolorgy.com\/blog\/#website\"},\"datePublished\":\"2018-11-09T17:12:04+00:00\",\"dateModified\":\"2018-11-10T03:13:47+00:00\",\"breadcrumb\":{\"@id\":\"http:\/\/ecolorgy.com\/blog\/newsletter\/#breadcrumb\"},\"inLanguage\":\"es\",\"potentialAction\":[{\"@type\":\"ReadAction\",\"target\":[\"http:\/\/ecolorgy.com\/blog\/newsletter\/\"]}]},{\"@type\":\"BreadcrumbList\",\"@id\":\"http:\/\/ecolorgy.com\/blog\/newsletter\/#breadcrumb\",\"itemListElement\":[{\"@type\":\"ListItem\",\"position\":1,\"name\":\"Portada\",\"item\":\"http:\/\/ecolorgy.com\/blog\/\"},{\"@type\":\"ListItem\",\"position\":2,\"name\":\"Newsletter\"}]},{\"@type\":\"WebSite\",\"@id\":\"http:\/\/ecolorgy.com\/blog\/#website\",\"url\":\"http:\/\/ecolorgy.com\/blog\/\",\"name\":\"Ecolorgy\",\"description\":\"Rethink Your Colors\",\"potentialAction\":[{\"@type\":\"SearchAction\",\"target\":{\"@type\":\"EntryPoint\",\"urlTemplate\":\"http:\/\/ecolorgy.com\/blog\/?s={search_term_string}\"},\"query-input\":\"required name=search_term_string\"}],\"inLanguage\":\"es\"}]}<\/script>\n<!-- \/ Yoast SEO plugin. -->","yoast_head_json":{"title":"Newsletter - Ecolorgy","robots":{"index":"index","follow":"follow","max-snippet":"max-snippet:-1","max-image-preview":"max-image-preview:large","max-video-preview":"max-video-preview:-1"},"canonical":"http:\/\/ecolorgy.com\/blog\/newsletter\/","og_locale":"es_ES","og_type":"article","og_title":"Newsletter - Ecolorgy","og_description":"* indicates required Correo electr\u00f3nico (requerido) * Nombre y Apellidos (requerido) * Web o Blog (opcional) \u00bfDesde qu\u00e9 pa\u00eds te suscribes? (requerido) * Espa\u00f1a Resto de Europa Am\u00e9rica del Norte Am\u00e9rica Central Am\u00e9rica del Sur He le\u00eddo y acepto la Pol\u00edtica de Privacidad. Puedes darte de baja en cualquier momento haciendo clic en el enlace [&hellip;]","og_url":"http:\/\/ecolorgy.com\/blog\/newsletter\/","og_site_name":"Ecolorgy","article_modified_time":"2018-11-10T03:13:47+00:00","schema":{"@context":"https:\/\/schema.org","@graph":[{"@type":"WebPage","@id":"http:\/\/ecolorgy.com\/blog\/newsletter\/","url":"http:\/\/ecolorgy.com\/blog\/newsletter\/","name":"Newsletter - Ecolorgy","isPartOf":{"@id":"http:\/\/ecolorgy.com\/blog\/#website"},"datePublished":"2018-11-09T17:12:04+00:00","dateModified":"2018-11-10T03:13:47+00:00","breadcrumb":{"@id":"http:\/\/ecolorgy.com\/blog\/newsletter\/#breadcrumb"},"inLanguage":"es","potentialAction":[{"@type":"ReadAction","target":["http:\/\/ecolorgy.com\/blog\/newsletter\/"]}]},{"@type":"BreadcrumbList","@id":"http:\/\/ecolorgy.com\/blog\/newsletter\/#breadcrumb","itemListElement":[{"@type":"ListItem","position":1,"name":"Portada","item":"http:\/\/ecolorgy.com\/blog\/"},{"@type":"ListItem","position":2,"name":"Newsletter"}]},{"@type":"WebSite","@id":"http:\/\/ecolorgy.com\/blog\/#website","url":"http:\/\/ecolorgy.com\/blog\/","name":"Ecolorgy","description":"Rethink Your Colors","potentialAction":[{"@type":"SearchAction","target":{"@type":"EntryPoint","urlTemplate":"http:\/\/ecolorgy.com\/blog\/?s={search_term_string}"},"query-input":"required name=search_term_string"}],"inLanguage":"es"}]}},"_links":{"self":[{"href":"http:\/\/ecolorgy.com\/blog\/wp-json\/wp\/v2\/pages\/847","targetHints":{"allow":["GET"]}}],"collection":[{"href":"http:\/\/ecolorgy.com\/blog\/wp-json\/wp\/v2\/pages"}],"about":[{"href":"http:\/\/ecolorgy.com\/blog\/wp-json\/wp\/v2\/types\/page"}],"author":[{"embeddable":true,"href":"http:\/\/ecolorgy.com\/blog\/wp-json\/wp\/v2\/users\/1"}],"replies":[{"embeddable":true,"href":"http:\/\/ecolorgy.com\/blog\/wp-json\/wp\/v2\/comments?post=847"}],"version-history":[{"count":14,"href":"http:\/\/ecolorgy.com\/blog\/wp-json\/wp\/v2\/pages\/847\/revisions"}],"predecessor-version":[{"id":6900,"href":"http:\/\/ecolorgy.com\/blog\/wp-json\/wp\/v2\/pages\/847\/revisions\/6900"}],"wp:attachment":[{"href":"http:\/\/ecolorgy.com\/blog\/wp-json\/wp\/v2\/media?parent=847"}],"curies":[{"name":"wp","href":"https:\/\/api.w.org\/{rel}","templated":true}]}}